{"id":916,"date":"2024-11-20T14:27:40","date_gmt":"2024-11-20T13:27:40","guid":{"rendered":"https:\/\/atypio-gestion.ms2.decms.eu\/?page_id=916"},"modified":"2025-06-16T16:18:47","modified_gmt":"2025-06-16T14:18:47","slug":"offers","status":"publish","type":"page","link":"https:\/\/atypio.com\/en\/offers\/","title":{"rendered":"Offers"},"content":{"rendered":"<p><span data-sheets-root=\"1\">Discover the exclusive offers from our Atypio hotels for leisure guests. Book directly and enjoy unique getaways designed to turn every moment into a cherished memory. <\/span><\/p>\n<p><span data-sheets-root=\"1\">Whether it&#8217;s for a long weekend, a holiday celebration, or a romantic occasion, our hotels with spas, golf courses, pools, located in green spaces or close to French castles and historical heritage, offer moments of well-being, gastronomy, and conviviality, all in the spirit of <strong>#AllInGoodTime.<\/strong><\/span><\/p>\n<p>&nbsp;<\/p>\n","protected":false},"excerpt":{"rendered":"<p>Discover the exclusive offers from our Atypio hotels for leisure guests. Book directly and enjoy unique getaways designed to turn every moment into a cherished memory. Whether it&#8217;s for a long weekend, a holiday celebration, or a romantic occasion, our hotels with spas, golf courses, pools, located in green spaces or close to French castles [&hellip;]<\/p>\n","protected":false},"author":25,"featured_media":159,"parent":0,"menu_order":50,"comment_status":"closed","ping_status":"closed","template":"template-offers.php","meta":{"footnotes":""},"class_list":["post-916","page","type-page","status-publish","has-post-thumbnail","hentry"],"yoast_head":"<!-- This site is optimized with the Yoast SEO plugin v27.3 - https:\/\/yoast.com\/product\/yoast-seo-wordpress\/ -->\n<title>Offres Sp\u00e9ciales et Bon Cadeau pour vos escapades | ATYPIO<\/title>\n<meta name=\"description\" content=\"D\u00e9couvrez les offres exclusives des h\u00f4tels du r\u00e9seau Atypio ou offrez un moment inoubliable avec un bon cadeau. R\u00e9servez un s\u00e9jour pour une exp\u00e9rience unique.\" \/>\n<meta name=\"robots\" content=\"index, follow, max-snippet:-1, max-image-preview:large, max-video-preview:-1\" \/>\n<link rel=\"canonical\" href=\"https:\/\/atypio.com\/en\/offers\/\" \/>\n<meta property=\"og:locale\" content=\"en_US\" \/>\n<meta property=\"og:type\" content=\"article\" \/>\n<meta property=\"og:title\" content=\"Offres Sp\u00e9ciales et Bon Cadeau pour vos escapades | ATYPIO\" \/>\n<meta property=\"og:description\" content=\"D\u00e9couvrez les offres exclusives des h\u00f4tels du r\u00e9seau Atypio ou offrez un moment inoubliable avec un bon cadeau. R\u00e9servez un s\u00e9jour pour une exp\u00e9rience unique.\" \/>\n<meta property=\"og:url\" content=\"https:\/\/atypio.com\/en\/offers\/\" \/>\n<meta property=\"og:site_name\" content=\"Atypio Gestion\" \/>\n<meta property=\"article:publisher\" content=\"https:\/\/www.facebook.com\/107798273950370\" \/>\n<meta property=\"article:modified_time\" content=\"2025-06-16T14:18:47+00:00\" \/>\n<meta property=\"og:image\" content=\"https:\/\/atypio.com\/wp-content\/uploads\/sites\/184\/2025\/03\/offers_slide_03.jpg\" \/>\n\t<meta property=\"og:image:width\" content=\"2200\" \/>\n\t<meta property=\"og:image:height\" content=\"1200\" \/>\n\t<meta property=\"og:image:type\" content=\"image\/jpeg\" \/>\n<meta name=\"twitter:card\" content=\"summary_large_image\" \/>\n<meta name=\"twitter:label1\" content=\"Est. reading time\" \/>\n\t<meta name=\"twitter:data1\" content=\"1 minute\" \/>\n<script type=\"application\/ld+json\" class=\"yoast-schema-graph\">{\"@context\":\"https:\\\/\\\/schema.org\",\"@graph\":[{\"@type\":\"WebPage\",\"@id\":\"https:\\\/\\\/atypio.com\\\/en\\\/offers\\\/\",\"url\":\"https:\\\/\\\/atypio.com\\\/en\\\/offers\\\/\",\"name\":\"Offres Sp\u00e9ciales et Bon Cadeau pour vos escapades | ATYPIO\",\"isPartOf\":{\"@id\":\"https:\\\/\\\/atypio.com\\\/en\\\/#website\"},\"primaryImageOfPage\":{\"@id\":\"https:\\\/\\\/atypio.com\\\/en\\\/offers\\\/#primaryimage\"},\"image\":{\"@id\":\"https:\\\/\\\/atypio.com\\\/en\\\/offers\\\/#primaryimage\"},\"thumbnailUrl\":\"https:\\\/\\\/atypio.com\\\/wp-content\\\/uploads\\\/sites\\\/184\\\/2025\\\/03\\\/offers_slide_03.jpg\",\"datePublished\":\"2024-11-20T13:27:40+00:00\",\"dateModified\":\"2025-06-16T14:18:47+00:00\",\"description\":\"D\u00e9couvrez les offres exclusives des h\u00f4tels du r\u00e9seau Atypio ou offrez un moment inoubliable avec un bon cadeau. R\u00e9servez un s\u00e9jour pour une exp\u00e9rience unique.\",\"breadcrumb\":{\"@id\":\"https:\\\/\\\/atypio.com\\\/en\\\/offers\\\/#breadcrumb\"},\"inLanguage\":\"en-US\",\"potentialAction\":[{\"@type\":\"ReadAction\",\"target\":[\"https:\\\/\\\/atypio.com\\\/en\\\/offers\\\/\"]}]},{\"@type\":\"ImageObject\",\"inLanguage\":\"en-US\",\"@id\":\"https:\\\/\\\/atypio.com\\\/en\\\/offers\\\/#primaryimage\",\"url\":\"https:\\\/\\\/atypio.com\\\/wp-content\\\/uploads\\\/sites\\\/184\\\/2025\\\/03\\\/offers_slide_03.jpg\",\"contentUrl\":\"https:\\\/\\\/atypio.com\\\/wp-content\\\/uploads\\\/sites\\\/184\\\/2025\\\/03\\\/offers_slide_03.jpg\",\"width\":2200,\"height\":1200,\"caption\":\"en:: Picture of lobby at Mercure Chantilly Hotel fr:: Photo du lobby du Mercure Chantilly\"},{\"@type\":\"BreadcrumbList\",\"@id\":\"https:\\\/\\\/atypio.com\\\/en\\\/offers\\\/#breadcrumb\",\"itemListElement\":[{\"@type\":\"ListItem\",\"position\":1,\"name\":\"Accueil\",\"item\":\"https:\\\/\\\/atypio.com\\\/en\\\/\"},{\"@type\":\"ListItem\",\"position\":2,\"name\":\"Offers\"}]},{\"@type\":\"WebSite\",\"@id\":\"https:\\\/\\\/atypio.com\\\/en\\\/#website\",\"url\":\"https:\\\/\\\/atypio.com\\\/en\\\/\",\"name\":\"Atypio\",\"description\":\"\",\"publisher\":{\"@id\":\"https:\\\/\\\/atypio.com\\\/en\\\/#organization\"},\"potentialAction\":[{\"@type\":\"SearchAction\",\"target\":{\"@type\":\"EntryPoint\",\"urlTemplate\":\"https:\\\/\\\/atypio.com\\\/en\\\/?s={search_term_string}\"},\"query-input\":{\"@type\":\"PropertyValueSpecification\",\"valueRequired\":true,\"valueName\":\"search_term_string\"}}],\"inLanguage\":\"en-US\"},{\"@type\":\"Organization\",\"@id\":\"https:\\\/\\\/atypio.com\\\/en\\\/#organization\",\"name\":\"Atypio\",\"url\":\"https:\\\/\\\/atypio.com\\\/en\\\/\",\"logo\":{\"@type\":\"ImageObject\",\"inLanguage\":\"en-US\",\"@id\":\"https:\\\/\\\/atypio.com\\\/en\\\/#\\\/schema\\\/logo\\\/image\\\/\",\"url\":\"https:\\\/\\\/atypio.com\\\/wp-content\\\/uploads\\\/sites\\\/184\\\/2024\\\/11\\\/logo-atypio-gestion.png\",\"contentUrl\":\"https:\\\/\\\/atypio.com\\\/wp-content\\\/uploads\\\/sites\\\/184\\\/2024\\\/11\\\/logo-atypio-gestion.png\",\"width\":422,\"height\":171,\"caption\":\"Atypio\"},\"image\":{\"@id\":\"https:\\\/\\\/atypio.com\\\/en\\\/#\\\/schema\\\/logo\\\/image\\\/\"},\"sameAs\":[\"https:\\\/\\\/www.facebook.com\\\/107798273950370\",\"https:\\\/\\\/www.youtube.com\\\/channel\\\/UCUnXWfWMuiLXPgmIfLjKd-A\",\"https:\\\/\\\/www.instagram.com\\\/atypio_hotels_resorts\\\/\",\"https:\\\/\\\/www.linkedin.com\\\/company\\\/atypio-hotels-resorts\"]}]}<\/script>\n<!-- \/ Yoast SEO plugin. -->","yoast_head_json":{"title":"Offres Sp\u00e9ciales et Bon Cadeau pour vos escapades | ATYPIO","description":"D\u00e9couvrez les offres exclusives des h\u00f4tels du r\u00e9seau Atypio ou offrez un moment inoubliable avec un bon cadeau. R\u00e9servez un s\u00e9jour pour une exp\u00e9rience unique.","robots":{"index":"index","follow":"follow","max-snippet":"max-snippet:-1","max-image-preview":"max-image-preview:large","max-video-preview":"max-video-preview:-1"},"canonical":"https:\/\/atypio.com\/en\/offers\/","og_locale":"en_US","og_type":"article","og_title":"Offres Sp\u00e9ciales et Bon Cadeau pour vos escapades | ATYPIO","og_description":"D\u00e9couvrez les offres exclusives des h\u00f4tels du r\u00e9seau Atypio ou offrez un moment inoubliable avec un bon cadeau. R\u00e9servez un s\u00e9jour pour une exp\u00e9rience unique.","og_url":"https:\/\/atypio.com\/en\/offers\/","og_site_name":"Atypio Gestion","article_publisher":"https:\/\/www.facebook.com\/107798273950370","article_modified_time":"2025-06-16T14:18:47+00:00","og_image":[{"width":2200,"height":1200,"url":"https:\/\/atypio.com\/wp-content\/uploads\/sites\/184\/2025\/03\/offers_slide_03.jpg","type":"image\/jpeg"}],"twitter_card":"summary_large_image","twitter_misc":{"Est. reading time":"1 minute"},"schema":{"@context":"https:\/\/schema.org","@graph":[{"@type":"WebPage","@id":"https:\/\/atypio.com\/en\/offers\/","url":"https:\/\/atypio.com\/en\/offers\/","name":"Offres Sp\u00e9ciales et Bon Cadeau pour vos escapades | ATYPIO","isPartOf":{"@id":"https:\/\/atypio.com\/en\/#website"},"primaryImageOfPage":{"@id":"https:\/\/atypio.com\/en\/offers\/#primaryimage"},"image":{"@id":"https:\/\/atypio.com\/en\/offers\/#primaryimage"},"thumbnailUrl":"https:\/\/atypio.com\/wp-content\/uploads\/sites\/184\/2025\/03\/offers_slide_03.jpg","datePublished":"2024-11-20T13:27:40+00:00","dateModified":"2025-06-16T14:18:47+00:00","description":"D\u00e9couvrez les offres exclusives des h\u00f4tels du r\u00e9seau Atypio ou offrez un moment inoubliable avec un bon cadeau. R\u00e9servez un s\u00e9jour pour une exp\u00e9rience unique.","breadcrumb":{"@id":"https:\/\/atypio.com\/en\/offers\/#breadcrumb"},"inLanguage":"en-US","potentialAction":[{"@type":"ReadAction","target":["https:\/\/atypio.com\/en\/offers\/"]}]},{"@type":"ImageObject","inLanguage":"en-US","@id":"https:\/\/atypio.com\/en\/offers\/#primaryimage","url":"https:\/\/atypio.com\/wp-content\/uploads\/sites\/184\/2025\/03\/offers_slide_03.jpg","contentUrl":"https:\/\/atypio.com\/wp-content\/uploads\/sites\/184\/2025\/03\/offers_slide_03.jpg","width":2200,"height":1200,"caption":"en:: Picture of lobby at Mercure Chantilly Hotel fr:: Photo du lobby du Mercure Chantilly"},{"@type":"BreadcrumbList","@id":"https:\/\/atypio.com\/en\/offers\/#breadcrumb","itemListElement":[{"@type":"ListItem","position":1,"name":"Accueil","item":"https:\/\/atypio.com\/en\/"},{"@type":"ListItem","position":2,"name":"Offers"}]},{"@type":"WebSite","@id":"https:\/\/atypio.com\/en\/#website","url":"https:\/\/atypio.com\/en\/","name":"Atypio","description":"","publisher":{"@id":"https:\/\/atypio.com\/en\/#organization"},"potentialAction":[{"@type":"SearchAction","target":{"@type":"EntryPoint","urlTemplate":"https:\/\/atypio.com\/en\/?s={search_term_string}"},"query-input":{"@type":"PropertyValueSpecification","valueRequired":true,"valueName":"search_term_string"}}],"inLanguage":"en-US"},{"@type":"Organization","@id":"https:\/\/atypio.com\/en\/#organization","name":"Atypio","url":"https:\/\/atypio.com\/en\/","logo":{"@type":"ImageObject","inLanguage":"en-US","@id":"https:\/\/atypio.com\/en\/#\/schema\/logo\/image\/","url":"https:\/\/atypio.com\/wp-content\/uploads\/sites\/184\/2024\/11\/logo-atypio-gestion.png","contentUrl":"https:\/\/atypio.com\/wp-content\/uploads\/sites\/184\/2024\/11\/logo-atypio-gestion.png","width":422,"height":171,"caption":"Atypio"},"image":{"@id":"https:\/\/atypio.com\/en\/#\/schema\/logo\/image\/"},"sameAs":["https:\/\/www.facebook.com\/107798273950370","https:\/\/www.youtube.com\/channel\/UCUnXWfWMuiLXPgmIfLjKd-A","https:\/\/www.instagram.com\/atypio_hotels_resorts\/","https:\/\/www.linkedin.com\/company\/atypio-hotels-resorts"]}]}},"acf":[],"_links":{"self":[{"href":"https:\/\/atypio.com\/en\/wp-json\/wp\/v2\/pages\/916","targetHints":{"allow":["GET"]}}],"collection":[{"href":"https:\/\/atypio.com\/en\/wp-json\/wp\/v2\/pages"}],"about":[{"href":"https:\/\/atypio.com\/en\/wp-json\/wp\/v2\/types\/page"}],"author":[{"embeddable":true,"href":"https:\/\/atypio.com\/en\/wp-json\/wp\/v2\/users\/25"}],"replies":[{"embeddable":true,"href":"https:\/\/atypio.com\/en\/wp-json\/wp\/v2\/comments?post=916"}],"version-history":[{"count":0,"href":"https:\/\/atypio.com\/en\/wp-json\/wp\/v2\/pages\/916\/revisions"}],"wp:featuredmedia":[{"embeddable":true,"href":"https:\/\/atypio.com\/en\/wp-json\/wp\/v2\/media\/159"}],"wp:attachment":[{"href":"https:\/\/atypio.com\/en\/wp-json\/wp\/v2\/media?parent=916"}],"curies":[{"name":"wp","href":"https:\/\/api.w.org\/{rel}","templated":true}]}}